{"id":263,"date":"2020-12-03T14:20:29","date_gmt":"2020-12-03T13:20:29","guid":{"rendered":"http:\/\/www.oca-ebenisterie.com\/?page_id=263"},"modified":"2021-01-29T12:29:45","modified_gmt":"2021-01-29T11:29:45","slug":"atelier-oca-ebenisterie-savoie","status":"publish","type":"page","link":"https:\/\/www.oca-ebenisterie.com\/index.php\/atelier-oca-ebenisterie-savoie\/","title":{"rendered":"L&rsquo;atelier"},"content":{"rendered":"\t\t<div data-elementor-type=\"wp-page\" data-elementor-id=\"263\" class=\"elementor elementor-263\">\n\t\t\t\t\t\t<div class=\"elementor-inner\">\n\t\t\t\t<div class=\"elementor-section-wrap\">\n\t\t\t\t\t\t\t\t\t<section class=\"elementor-section elementor-top-section elementor-element elementor-element-c7ea1ae elementor-section-full_width elementor-section-height-min-height elementor-section-stretched elementor-section-height-default elementor-section-items-middle\" data-id=\"c7ea1ae\" data-element_type=\"section\" data-settings=\"{&quot;stretch_section&quot;:&quot;section-stretched&quot;,&quot;background_background&quot;:&quot;classic&quot;}\">\n\t\t\t\t\t\t\t<div class=\"elementor-background-overlay\"><\/div>\n\t\t\t\t\t\t\t<div class=\"elementor-container elementor-column-gap-default\">\n\t\t\t\t\t\t\t<div class=\"elementor-row\">\n\t\t\t\t\t<div class=\"elementor-column elementor-col-100 elementor-top-column elementor-element elementor-element-03f870e\" data-id=\"03f870e\" data-element_type=\"column\">\n\t\t\t<div class=\"elementor-column-wrap elementor-element-populated\">\n\t\t\t\t\t\t\t<div class=\"elementor-widget-wrap\">\n\t\t\t\t\t\t<div class=\"elementor-element elementor-element-6366fb8 elementor-widget elementor-widget-heading\" data-id=\"6366fb8\" data-element_type=\"widget\" data-widget_type=\"heading.default\">\n\t\t\t\t<div class=\"elementor-widget-container\">\n\t\t\t<h1 class=\"elementor-heading-title elementor-size-default\">L'atelier<\/h1>\t\t<\/div>\n\t\t\t\t<\/div>\n\t\t\t\t<div class=\"elementor-element elementor-element-6cc8a30 elementor-widget elementor-widget-image\" data-id=\"6cc8a30\" data-element_type=\"widget\" data-widget_type=\"image.default\">\n\t\t\t\t<div class=\"elementor-widget-container\">\n\t\t\t\t\t\t\t\t<div class=\"elementor-image\">\n\t\t\t\t\t\t\t\t\t\t\t\t<img src=\"https:\/\/www.oca-ebenisterie.com\/wp-content\/uploads\/2020\/12\/Fleche.png\" title=\"Fleche\" alt=\"Fleche\" \/>\t\t\t\t\t\t\t\t\t\t\t\t\t\t<\/div>\n\t\t\t\t\t\t<\/div>\n\t\t\t\t<\/div>\n\t\t\t\t\t\t<\/div>\n\t\t\t\t\t<\/div>\n\t\t<\/div>\n\t\t\t\t\t\t\t\t<\/div>\n\t\t\t\t\t<\/div>\n\t\t<\/section>\n\t\t\t\t<section class=\"elementor-section elementor-top-section elementor-element elementor-element-14cb05d elementor-section-boxed elementor-section-height-default elementor-section-height-default\" data-id=\"14cb05d\" data-element_type=\"section\">\n\t\t\t\t\t\t<div class=\"elementor-container elementor-column-gap-wide\">\n\t\t\t\t\t\t\t<div class=\"elementor-row\">\n\t\t\t\t\t<div class=\"elementor-column elementor-col-16 elementor-top-column elementor-element elementor-element-aa7bbc4\" data-id=\"aa7bbc4\" data-element_type=\"column\">\n\t\t\t<div class=\"elementor-column-wrap\">\n\t\t\t\t\t\t\t<div class=\"elementor-widget-wrap\">\n\t\t\t\t\t\t\t\t<\/div>\n\t\t\t\t\t<\/div>\n\t\t<\/div>\n\t\t\t\t<div class=\"elementor-column elementor-col-66 elementor-top-column elementor-element elementor-element-4ca2b3e\" data-id=\"4ca2b3e\" data-element_type=\"column\">\n\t\t\t<div class=\"elementor-column-wrap elementor-element-populated\">\n\t\t\t\t\t\t\t<div class=\"elementor-widget-wrap\">\n\t\t\t\t\t\t<div class=\"elementor-element elementor-element-30c119a elementor-widget elementor-widget-heading\" data-id=\"30c119a\" data-element_type=\"widget\" data-widget_type=\"heading.default\">\n\t\t\t\t<div class=\"elementor-widget-container\">\n\t\t\t<h2 class=\"elementor-heading-title elementor-size-default\">L'atelier Oca \u00e9b\u00e9nisterie<\/h2>\t\t<\/div>\n\t\t\t\t<\/div>\n\t\t\t\t<div class=\"elementor-element elementor-element-dea7670 elementor-widget elementor-widget-text-editor\" data-id=\"dea7670\" data-element_type=\"widget\" data-widget_type=\"text-editor.default\">\n\t\t\t\t<div class=\"elementor-widget-container\">\n\t\t\t\t\t\t\t\t<div class=\"elementor-text-editor elementor-clearfix\">\n\t\t\t\t<p class=\"p1\"><strong><span class=\"s1\">\u00ab L\u2019 homme, dans son travail, est inalt\u00e9rablement et intimement li\u00e9 \u00e0 la nature et \u00e0 ses lois. Car il ne peut mener sa vie en fonction de ses id\u00e9es et des ses intentions que si il est \u00e0 l\u2019\u00e9coute, attentive et sensible, de la nature, en parfait accord avec ces principes, ses r\u00e8gles et ses mesures. \u00bb\u00a0 Hugo K\u00fckelhaus.<\/span><\/strong><\/p>\t\t\t\t\t<\/div>\n\t\t\t\t\t\t<\/div>\n\t\t\t\t<\/div>\n\t\t\t\t\t\t<\/div>\n\t\t\t\t\t<\/div>\n\t\t<\/div>\n\t\t\t\t<div class=\"elementor-column elementor-col-16 elementor-top-column elementor-element elementor-element-df78287\" data-id=\"df78287\" data-element_type=\"column\">\n\t\t\t<div class=\"elementor-column-wrap\">\n\t\t\t\t\t\t\t<div class=\"elementor-widget-wrap\">\n\t\t\t\t\t\t\t\t<\/div>\n\t\t\t\t\t<\/div>\n\t\t<\/div>\n\t\t\t\t\t\t\t\t<\/div>\n\t\t\t\t\t<\/div>\n\t\t<\/section>\n\t\t\t\t<section class=\"elementor-section elementor-top-section elementor-element elementor-element-bf0cc7c elementor-section-boxed elementor-section-height-default elementor-section-height-default\" data-id=\"bf0cc7c\" data-element_type=\"section\">\n\t\t\t\t\t\t<div class=\"elementor-container elementor-column-gap-default\">\n\t\t\t\t\t\t\t<div class=\"elementor-row\">\n\t\t\t\t\t<div class=\"elementor-column elementor-col-25 elementor-top-column elementor-element elementor-element-f23fb38\" data-id=\"f23fb38\" data-element_type=\"column\">\n\t\t\t<div class=\"elementor-column-wrap\">\n\t\t\t\t\t\t\t<div class=\"elementor-widget-wrap\">\n\t\t\t\t\t\t\t\t<\/div>\n\t\t\t\t\t<\/div>\n\t\t<\/div>\n\t\t\t\t<div class=\"elementor-column elementor-col-50 elementor-top-column elementor-element elementor-element-e43dbd5\" data-id=\"e43dbd5\" data-element_type=\"column\">\n\t\t\t<div class=\"elementor-column-wrap elementor-element-populated\">\n\t\t\t\t\t\t\t<div class=\"elementor-widget-wrap\">\n\t\t\t\t\t\t<div class=\"elementor-element elementor-element-8d47337 elementor-widget elementor-widget-text-editor\" data-id=\"8d47337\" data-element_type=\"widget\" data-widget_type=\"text-editor.default\">\n\t\t\t\t<div class=\"elementor-widget-container\">\n\t\t\t\t\t\t\t\t<div class=\"elementor-text-editor elementor-clearfix\">\n\t\t\t\t<p class=\"p1\"><span class=\"s1\">Le travail du bois met en contact la nature et l\u2019homme, ce dernier se doit de la respecter pour continuer \u00e0 cr\u00e9er, fabriquer et vivre. Notre d\u00e9vouement se fait \u00e0 travers la s\u00e9lection rigoureuse de la provenance et de la qualit\u00e9 des bois, qui permet de travailler en toute humilit\u00e9 la mati\u00e8re. Ainsi que dans la s\u00e9lection des personnes travaillant avec nous pour la parfaite concr\u00e9tisation de vos projets.<\/span><\/p><p class=\"p1\"><span class=\"s1\">Le bois se sculpte, se d\u00e9forme, se cintre, s&rsquo;usine &#8230; autant de techniques traditionnelles et contemporaines pour le transformer l\u2019imagination \u00e0 la r\u00e9alit\u00e9, et m\u00eame encore plus.\u00a0La parfaite connaissance des techniques d\u2019assemblage, le maniement et la maitrise des diff\u00e9rents outils, traditionnels et num\u00e9riques, permettent de rendre hommage \u00e0 la mati\u00e8re \u00e0 chaque geste.<\/span><\/p><p class=\"p1\" style=\"text-align: center;\"><span class=\"s1\"><b>La passion, le respect et la qualit\u00e9 sont les mots d\u2019ordre de l\u2019atelier.<\/b><\/span><\/p><p class=\"p1\"><span class=\"s1\">\u00a0<\/span><\/p>\t\t\t\t\t<\/div>\n\t\t\t\t\t\t<\/div>\n\t\t\t\t<\/div>\n\t\t\t\t\t\t<\/div>\n\t\t\t\t\t<\/div>\n\t\t<\/div>\n\t\t\t\t<div class=\"elementor-column elementor-col-25 elementor-top-column elementor-element elementor-element-a81fb97\" data-id=\"a81fb97\" data-element_type=\"column\">\n\t\t\t<div class=\"elementor-column-wrap\">\n\t\t\t\t\t\t\t<div class=\"elementor-widget-wrap\">\n\t\t\t\t\t\t\t\t<\/div>\n\t\t\t\t\t<\/div>\n\t\t<\/div>\n\t\t\t\t\t\t\t\t<\/div>\n\t\t\t\t\t<\/div>\n\t\t<\/section>\n\t\t\t\t<section class=\"elementor-section elementor-top-section elementor-element elementor-element-061090c elementor-section-boxed elementor-section-height-default elementor-section-height-default\" data-id=\"061090c\" data-element_type=\"section\">\n\t\t\t\t\t\t<div class=\"elementor-container elementor-column-gap-default\">\n\t\t\t\t\t\t\t<div class=\"elementor-row\">\n\t\t\t\t\t<div class=\"elementor-column elementor-col-100 elementor-top-column elementor-element elementor-element-1c5fdbd\" data-id=\"1c5fdbd\" data-element_type=\"column\">\n\t\t\t<div class=\"elementor-column-wrap elementor-element-populated\">\n\t\t\t\t\t\t\t<div class=\"elementor-widget-wrap\">\n\t\t\t\t\t\t<div class=\"elementor-element elementor-element-5fd9668 elementor-widget elementor-widget-spacer\" data-id=\"5fd9668\" data-element_type=\"widget\" data-widget_type=\"spacer.default\">\n\t\t\t\t<div class=\"elementor-widget-container\">\n\t\t\t\t\t<div class=\"elementor-spacer\">\n\t\t\t<div class=\"elementor-spacer-inner\"><\/div>\n\t\t<\/div>\n\t\t\t\t<\/div>\n\t\t\t\t<\/div>\n\t\t\t\t\t\t<\/div>\n\t\t\t\t\t<\/div>\n\t\t<\/div>\n\t\t\t\t\t\t\t\t<\/div>\n\t\t\t\t\t<\/div>\n\t\t<\/section>\n\t\t\t\t<section class=\"elementor-section elementor-top-section elementor-element elementor-element-a4712e9 elementor-section-boxed elementor-section-height-default elementor-section-height-default\" data-id=\"a4712e9\" data-element_type=\"section\">\n\t\t\t\t\t\t<div class=\"elementor-container elementor-column-gap-wide\">\n\t\t\t\t\t\t\t<div class=\"elementor-row\">\n\t\t\t\t\t<div class=\"elementor-column elementor-col-16 elementor-top-column elementor-element elementor-element-7e3a72b\" data-id=\"7e3a72b\" data-element_type=\"column\">\n\t\t\t<div class=\"elementor-column-wrap\">\n\t\t\t\t\t\t\t<div class=\"elementor-widget-wrap\">\n\t\t\t\t\t\t\t\t<\/div>\n\t\t\t\t\t<\/div>\n\t\t<\/div>\n\t\t\t\t<div class=\"elementor-column elementor-col-66 elementor-top-column elementor-element elementor-element-4593233\" data-id=\"4593233\" data-element_type=\"column\">\n\t\t\t<div class=\"elementor-column-wrap elementor-element-populated\">\n\t\t\t\t\t\t\t<div class=\"elementor-widget-wrap\">\n\t\t\t\t\t\t<div class=\"elementor-element elementor-element-e44fb9b elementor-widget elementor-widget-heading\" data-id=\"e44fb9b\" data-element_type=\"widget\" data-widget_type=\"heading.default\">\n\t\t\t\t<div class=\"elementor-widget-container\">\n\t\t\t<h2 class=\"elementor-heading-title elementor-size-default\">L'\u00e9quipe  d'Oca \u00e9b\u00e9nisterie<\/h2>\t\t<\/div>\n\t\t\t\t<\/div>\n\t\t\t\t\t\t<\/div>\n\t\t\t\t\t<\/div>\n\t\t<\/div>\n\t\t\t\t<div class=\"elementor-column elementor-col-16 elementor-top-column elementor-element elementor-element-569d3b5\" data-id=\"569d3b5\" data-element_type=\"column\">\n\t\t\t<div class=\"elementor-column-wrap\">\n\t\t\t\t\t\t\t<div class=\"elementor-widget-wrap\">\n\t\t\t\t\t\t\t\t<\/div>\n\t\t\t\t\t<\/div>\n\t\t<\/div>\n\t\t\t\t\t\t\t\t<\/div>\n\t\t\t\t\t<\/div>\n\t\t<\/section>\n\t\t\t\t<section class=\"elementor-section elementor-top-section elementor-element elementor-element-19028aa elementor-section-boxed elementor-section-height-default elementor-section-height-default\" data-id=\"19028aa\" data-element_type=\"section\">\n\t\t\t\t\t\t<div class=\"elementor-container elementor-column-gap-default\">\n\t\t\t\t\t\t\t<div class=\"elementor-row\">\n\t\t\t\t\t<div class=\"elementor-column elementor-col-50 elementor-top-column elementor-element elementor-element-437df37\" data-id=\"437df37\" data-element_type=\"column\">\n\t\t\t<div class=\"elementor-column-wrap elementor-element-populated\">\n\t\t\t\t\t\t\t<div class=\"elementor-widget-wrap\">\n\t\t\t\t\t\t<div class=\"elementor-element elementor-element-f05c7f9 elementor-widget elementor-widget-image\" data-id=\"f05c7f9\" data-element_type=\"widget\" data-widget_type=\"image.default\">\n\t\t\t\t<div class=\"elementor-widget-container\">\n\t\t\t\t\t\t\t\t<div class=\"elementor-image\">\n\t\t\t\t\t\t\t\t\t\t\t\t<img width=\"768\" height=\"987\" src=\"https:\/\/www.oca-ebenisterie.com\/wp-content\/uploads\/2021\/01\/HOOA_Photo-profil-768x987.png\" class=\"attachment-medium_large size-medium_large\" alt=\"ebeniste savoie\" loading=\"lazy\" srcset=\"https:\/\/www.oca-ebenisterie.com\/wp-content\/uploads\/2021\/01\/HOOA_Photo-profil-768x987.png 768w, https:\/\/www.oca-ebenisterie.com\/wp-content\/uploads\/2021\/01\/HOOA_Photo-profil-233x300.png 233w, https:\/\/www.oca-ebenisterie.com\/wp-content\/uploads\/2021\/01\/HOOA_Photo-profil-797x1024.png 797w, https:\/\/www.oca-ebenisterie.com\/wp-content\/uploads\/2021\/01\/HOOA_Photo-profil.png 1000w\" sizes=\"(max-width: 768px) 100vw, 768px\" \/>\t\t\t\t\t\t\t\t\t\t\t\t\t\t<\/div>\n\t\t\t\t\t\t<\/div>\n\t\t\t\t<\/div>\n\t\t\t\t\t\t<\/div>\n\t\t\t\t\t<\/div>\n\t\t<\/div>\n\t\t\t\t<div class=\"elementor-column elementor-col-50 elementor-top-column elementor-element elementor-element-7a3b064\" data-id=\"7a3b064\" data-element_type=\"column\">\n\t\t\t<div class=\"elementor-column-wrap elementor-element-populated\">\n\t\t\t\t\t\t\t<div class=\"elementor-widget-wrap\">\n\t\t\t\t\t\t<div class=\"elementor-element elementor-element-ebee80c elementor-widget elementor-widget-text-editor\" data-id=\"ebee80c\" data-element_type=\"widget\" data-widget_type=\"text-editor.default\">\n\t\t\t\t<div class=\"elementor-widget-container\">\n\t\t\t\t\t\t\t\t<div class=\"elementor-text-editor elementor-clearfix\">\n\t\t\t\t<p class=\"p1\"><span class=\"s1\"><strong>Cyril Dangelser<\/strong> <\/span><\/p><p class=\"p1\"><strong><span class=\"s1\">Eb\u00e9niste \u2013 cr\u00e9ateur<br \/><\/span><\/strong><span class=\"s1\">Form\u00e9 \u00e0 l&rsquo;\u00e9cole Boulle puis dans diff\u00e9rents prestigieux ateliers parisiens et hauts-savoyards, Cyril a acquis un savoir faire et des comp\u00e9tences pour r\u00e9aliser des projets de A \u00e0 Z : cr\u00e9ation, conception, fabrication et enfin installation. Il a cr\u00e9e l\u2019atelier OCA pour r\u00e9pondre \u00e0 la demande pointilleuse des amoureux de la qualit\u00e9 et du bois, tout en insufflant aux r\u00e9alisations une d\u00e9marche locale et environnementale. <\/span><\/p>\t\t\t\t\t<\/div>\n\t\t\t\t\t\t<\/div>\n\t\t\t\t<\/div>\n\t\t\t\t\t\t<\/div>\n\t\t\t\t\t<\/div>\n\t\t<\/div>\n\t\t\t\t\t\t\t\t<\/div>\n\t\t\t\t\t<\/div>\n\t\t<\/section>\n\t\t\t\t<section class=\"elementor-section elementor-top-section elementor-element elementor-element-16076e8 elementor-section-boxed elementor-section-height-default elementor-section-height-default\" data-id=\"16076e8\" data-element_type=\"section\">\n\t\t\t\t\t\t<div class=\"elementor-container elementor-column-gap-default\">\n\t\t\t\t\t\t\t<div class=\"elementor-row\">\n\t\t\t\t\t<div class=\"elementor-column elementor-col-100 elementor-top-column elementor-element elementor-element-49088cd\" data-id=\"49088cd\" data-element_type=\"column\">\n\t\t\t<div class=\"elementor-column-wrap elementor-element-populated\">\n\t\t\t\t\t\t\t<div class=\"elementor-widget-wrap\">\n\t\t\t\t\t\t<div class=\"elementor-element elementor-element-43a4a63 elementor-widget elementor-widget-spacer\" data-id=\"43a4a63\" data-element_type=\"widget\" data-widget_type=\"spacer.default\">\n\t\t\t\t<div class=\"elementor-widget-container\">\n\t\t\t\t\t<div class=\"elementor-spacer\">\n\t\t\t<div class=\"elementor-spacer-inner\"><\/div>\n\t\t<\/div>\n\t\t\t\t<\/div>\n\t\t\t\t<\/div>\n\t\t\t\t\t\t<\/div>\n\t\t\t\t\t<\/div>\n\t\t<\/div>\n\t\t\t\t\t\t\t\t<\/div>\n\t\t\t\t\t<\/div>\n\t\t<\/section>\n\t\t\t\t\t\t\t\t\t<\/div>\n\t\t\t<\/div>\n\t\t\t\t\t<\/div>\n\t\t","protected":false},"excerpt":{"rendered":"<p>L&rsquo;atelier L&rsquo;atelier Oca \u00e9b\u00e9nisterie \u00ab L\u2019 homme, dans son travail, est inalt\u00e9rablement et intimement li\u00e9 \u00e0 la nature et \u00e0 ses lois. Car il ne peut mener sa vie en fonction de ses id\u00e9es et des ses intentions que si il est \u00e0 l\u2019\u00e9coute, attentive et sensible, de la nature, en parfait accord avec ces [&hellip;]<\/p>\n","protected":false},"author":1,"featured_media":0,"parent":0,"menu_order":0,"comment_status":"closed","ping_status":"closed","template":"elementor_header_footer","meta":[],"yoast_head":"<!-- This site is optimized with the Yoast SEO plugin v19.6.1 - https:\/\/yoast.com\/wordpress\/plugins\/seo\/ -->\n<title>L&#039;atelier - OCA \u00e9b\u00e9nisterie<\/title>\n<meta name=\"robots\" content=\"index, follow, max-snippet:-1, max-image-preview:large, max-video-preview:-1\" \/>\n<link rel=\"canonical\" href=\"https:\/\/www.oca-ebenisterie.com\/index.php\/atelier-oca-ebenisterie-savoie\/\" \/>\n<meta property=\"og:locale\" content=\"fr_FR\" \/>\n<meta property=\"og:type\" content=\"article\" \/>\n<meta property=\"og:title\" content=\"L&#039;atelier - OCA \u00e9b\u00e9nisterie\" \/>\n<meta property=\"og:description\" content=\"L&rsquo;atelier L&rsquo;atelier Oca \u00e9b\u00e9nisterie \u00ab L\u2019 homme, dans son travail, est inalt\u00e9rablement et intimement li\u00e9 \u00e0 la nature et \u00e0 ses lois. Car il ne peut mener sa vie en fonction de ses id\u00e9es et des ses intentions que si il est \u00e0 l\u2019\u00e9coute, attentive et sensible, de la nature, en parfait accord avec ces [&hellip;]\" \/>\n<meta property=\"og:url\" content=\"https:\/\/www.oca-ebenisterie.com\/index.php\/atelier-oca-ebenisterie-savoie\/\" \/>\n<meta property=\"og:site_name\" content=\"OCA \u00e9b\u00e9nisterie\" \/>\n<meta property=\"article:modified_time\" content=\"2021-01-29T11:29:45+00:00\" \/>\n<meta property=\"og:image\" content=\"http:\/\/www.oca-ebenisterie.com\/wp-content\/uploads\/2020\/12\/Fleche.png\" \/>\n<meta name=\"twitter:card\" content=\"summary_large_image\" \/>\n<meta name=\"twitter:label1\" content=\"Dur\u00e9e de lecture estim\u00e9e\" \/>\n\t<meta name=\"twitter:data1\" content=\"2 minutes\" \/>\n<script type=\"application\/ld+json\" class=\"yoast-schema-graph\">{\"@context\":\"https:\/\/schema.org\",\"@graph\":[{\"@type\":\"WebPage\",\"@id\":\"https:\/\/www.oca-ebenisterie.com\/index.php\/atelier-oca-ebenisterie-savoie\/\",\"url\":\"https:\/\/www.oca-ebenisterie.com\/index.php\/atelier-oca-ebenisterie-savoie\/\",\"name\":\"L'atelier - OCA \u00e9b\u00e9nisterie\",\"isPartOf\":{\"@id\":\"https:\/\/www.oca-ebenisterie.com\/#website\"},\"datePublished\":\"2020-12-03T13:20:29+00:00\",\"dateModified\":\"2021-01-29T11:29:45+00:00\",\"breadcrumb\":{\"@id\":\"https:\/\/www.oca-ebenisterie.com\/index.php\/atelier-oca-ebenisterie-savoie\/#breadcrumb\"},\"inLanguage\":\"fr-FR\",\"potentialAction\":[{\"@type\":\"ReadAction\",\"target\":[\"https:\/\/www.oca-ebenisterie.com\/index.php\/atelier-oca-ebenisterie-savoie\/\"]}]},{\"@type\":\"BreadcrumbList\",\"@id\":\"https:\/\/www.oca-ebenisterie.com\/index.php\/atelier-oca-ebenisterie-savoie\/#breadcrumb\",\"itemListElement\":[{\"@type\":\"ListItem\",\"position\":1,\"name\":\"Accueil\",\"item\":\"https:\/\/www.oca-ebenisterie.com\/\"},{\"@type\":\"ListItem\",\"position\":2,\"name\":\"L&rsquo;atelier\"}]},{\"@type\":\"WebSite\",\"@id\":\"https:\/\/www.oca-ebenisterie.com\/#website\",\"url\":\"https:\/\/www.oca-ebenisterie.com\/\",\"name\":\"OCA \u00e9b\u00e9nisterie\",\"description\":\"OCA \u00e9b\u00e9nisterie\",\"potentialAction\":[{\"@type\":\"SearchAction\",\"target\":{\"@type\":\"EntryPoint\",\"urlTemplate\":\"https:\/\/www.oca-ebenisterie.com\/?s={search_term_string}\"},\"query-input\":\"required name=search_term_string\"}],\"inLanguage\":\"fr-FR\"}]}<\/script>\n<!-- \/ Yoast SEO plugin. -->","yoast_head_json":{"title":"L'atelier - OCA \u00e9b\u00e9nisterie","robots":{"index":"index","follow":"follow","max-snippet":"max-snippet:-1","max-image-preview":"max-image-preview:large","max-video-preview":"max-video-preview:-1"},"canonical":"https:\/\/www.oca-ebenisterie.com\/index.php\/atelier-oca-ebenisterie-savoie\/","og_locale":"fr_FR","og_type":"article","og_title":"L'atelier - OCA \u00e9b\u00e9nisterie","og_description":"L&rsquo;atelier L&rsquo;atelier Oca \u00e9b\u00e9nisterie \u00ab L\u2019 homme, dans son travail, est inalt\u00e9rablement et intimement li\u00e9 \u00e0 la nature et \u00e0 ses lois. Car il ne peut mener sa vie en fonction de ses id\u00e9es et des ses intentions que si il est \u00e0 l\u2019\u00e9coute, attentive et sensible, de la nature, en parfait accord avec ces [&hellip;]","og_url":"https:\/\/www.oca-ebenisterie.com\/index.php\/atelier-oca-ebenisterie-savoie\/","og_site_name":"OCA \u00e9b\u00e9nisterie","article_modified_time":"2021-01-29T11:29:45+00:00","og_image":[{"url":"http:\/\/www.oca-ebenisterie.com\/wp-content\/uploads\/2020\/12\/Fleche.png"}],"twitter_card":"summary_large_image","twitter_misc":{"Dur\u00e9e de lecture estim\u00e9e":"2 minutes"},"schema":{"@context":"https:\/\/schema.org","@graph":[{"@type":"WebPage","@id":"https:\/\/www.oca-ebenisterie.com\/index.php\/atelier-oca-ebenisterie-savoie\/","url":"https:\/\/www.oca-ebenisterie.com\/index.php\/atelier-oca-ebenisterie-savoie\/","name":"L'atelier - OCA \u00e9b\u00e9nisterie","isPartOf":{"@id":"https:\/\/www.oca-ebenisterie.com\/#website"},"datePublished":"2020-12-03T13:20:29+00:00","dateModified":"2021-01-29T11:29:45+00:00","breadcrumb":{"@id":"https:\/\/www.oca-ebenisterie.com\/index.php\/atelier-oca-ebenisterie-savoie\/#breadcrumb"},"inLanguage":"fr-FR","potentialAction":[{"@type":"ReadAction","target":["https:\/\/www.oca-ebenisterie.com\/index.php\/atelier-oca-ebenisterie-savoie\/"]}]},{"@type":"BreadcrumbList","@id":"https:\/\/www.oca-ebenisterie.com\/index.php\/atelier-oca-ebenisterie-savoie\/#breadcrumb","itemListElement":[{"@type":"ListItem","position":1,"name":"Accueil","item":"https:\/\/www.oca-ebenisterie.com\/"},{"@type":"ListItem","position":2,"name":"L&rsquo;atelier"}]},{"@type":"WebSite","@id":"https:\/\/www.oca-ebenisterie.com\/#website","url":"https:\/\/www.oca-ebenisterie.com\/","name":"OCA \u00e9b\u00e9nisterie","description":"OCA \u00e9b\u00e9nisterie","potentialAction":[{"@type":"SearchAction","target":{"@type":"EntryPoint","urlTemplate":"https:\/\/www.oca-ebenisterie.com\/?s={search_term_string}"},"query-input":"required name=search_term_string"}],"inLanguage":"fr-FR"}]}},"_links":{"self":[{"href":"https:\/\/www.oca-ebenisterie.com\/index.php\/wp-json\/wp\/v2\/pages\/263"}],"collection":[{"href":"https:\/\/www.oca-ebenisterie.com\/index.php\/wp-json\/wp\/v2\/pages"}],"about":[{"href":"https:\/\/www.oca-ebenisterie.com\/index.php\/wp-json\/wp\/v2\/types\/page"}],"author":[{"embeddable":true,"href":"https:\/\/www.oca-ebenisterie.com\/index.php\/wp-json\/wp\/v2\/users\/1"}],"replies":[{"embeddable":true,"href":"https:\/\/www.oca-ebenisterie.com\/index.php\/wp-json\/wp\/v2\/comments?post=263"}],"version-history":[{"count":27,"href":"https:\/\/www.oca-ebenisterie.com\/index.php\/wp-json\/wp\/v2\/pages\/263\/revisions"}],"predecessor-version":[{"id":794,"href":"https:\/\/www.oca-ebenisterie.com\/index.php\/wp-json\/wp\/v2\/pages\/263\/revisions\/794"}],"wp:attachment":[{"href":"https:\/\/www.oca-ebenisterie.com\/index.php\/wp-json\/wp\/v2\/media?parent=263"}],"curies":[{"name":"wp","href":"https:\/\/api.w.org\/{rel}","templated":true}]}}