{"id":239,"date":"2020-12-02T11:41:08","date_gmt":"2020-12-02T10:41:08","guid":{"rendered":"http:\/\/www.oca-ebenisterie.com\/?page_id=239"},"modified":"2021-06-10T14:58:07","modified_gmt":"2021-06-10T12:58:07","slug":"oe01","status":"publish","type":"page","link":"https:\/\/www.oca-ebenisterie.com\/index.php\/oe01\/","title":{"rendered":"Lampe Scie-ssion"},"content":{"rendered":"\t\t<div data-elementor-type=\"wp-page\" data-elementor-id=\"239\" class=\"elementor elementor-239\">\n\t\t\t\t\t\t<div class=\"elementor-inner\">\n\t\t\t\t<div class=\"elementor-section-wrap\">\n\t\t\t\t\t\t\t\t\t<section class=\"elementor-section elementor-top-section elementor-element elementor-element-c7ea1ae elementor-section-full_width elementor-section-height-full elementor-section-stretched elementor-section-height-default elementor-section-items-middle\" data-id=\"c7ea1ae\" data-element_type=\"section\" data-settings=\"{&quot;stretch_section&quot;:&quot;section-stretched&quot;,&quot;background_background&quot;:&quot;classic&quot;}\">\n\t\t\t\t\t\t\t<div class=\"elementor-background-overlay\"><\/div>\n\t\t\t\t\t\t\t<div class=\"elementor-container elementor-column-gap-default\">\n\t\t\t\t\t\t\t<div class=\"elementor-row\">\n\t\t\t\t\t<div class=\"elementor-column elementor-col-100 elementor-top-column elementor-element elementor-element-03f870e\" data-id=\"03f870e\" data-element_type=\"column\">\n\t\t\t<div class=\"elementor-column-wrap elementor-element-populated\">\n\t\t\t\t\t\t\t<div class=\"elementor-widget-wrap\">\n\t\t\t\t\t\t<div class=\"elementor-element elementor-element-6366fb8 elementor-widget elementor-widget-heading\" data-id=\"6366fb8\" data-element_type=\"widget\" data-widget_type=\"heading.default\">\n\t\t\t\t<div class=\"elementor-widget-container\">\n\t\t\t<h1 class=\"elementor-heading-title elementor-size-default\">Lampe Scie-ssion<\/h1>\t\t<\/div>\n\t\t\t\t<\/div>\n\t\t\t\t<div class=\"elementor-element elementor-element-6cc8a30 elementor-widget elementor-widget-image\" data-id=\"6cc8a30\" data-element_type=\"widget\" data-widget_type=\"image.default\">\n\t\t\t\t<div class=\"elementor-widget-container\">\n\t\t\t\t\t\t\t\t<div class=\"elementor-image\">\n\t\t\t\t\t\t\t\t\t\t\t\t<img src=\"https:\/\/www.oca-ebenisterie.com\/wp-content\/uploads\/2020\/12\/Fleche.png\" title=\"Fleche\" alt=\"Fleche\" \/>\t\t\t\t\t\t\t\t\t\t\t\t\t\t<\/div>\n\t\t\t\t\t\t<\/div>\n\t\t\t\t<\/div>\n\t\t\t\t\t\t<\/div>\n\t\t\t\t\t<\/div>\n\t\t<\/div>\n\t\t\t\t\t\t\t\t<\/div>\n\t\t\t\t\t<\/div>\n\t\t<\/section>\n\t\t\t\t<section class=\"elementor-section elementor-top-section elementor-element elementor-element-2c77b2a elementor-section-full_width elementor-section-height-default elementor-section-height-default\" data-id=\"2c77b2a\" data-element_type=\"section\">\n\t\t\t\t\t\t<div class=\"elementor-container elementor-column-gap-no\">\n\t\t\t\t\t\t\t<div class=\"elementor-row\">\n\t\t\t\t\t<div class=\"elementor-column elementor-col-100 elementor-top-column elementor-element elementor-element-f629ca6\" data-id=\"f629ca6\" data-element_type=\"column\">\n\t\t\t<div class=\"elementor-column-wrap elementor-element-populated\">\n\t\t\t\t\t\t\t<div class=\"elementor-widget-wrap\">\n\t\t\t\t\t\t<div class=\"elementor-element elementor-element-ee23ce6 elementor-grid-4 elementor-grid-tablet-2 elementor-grid-mobile-1 eael-fg-hoverer-content-align-left elementor-widget elementor-widget-eael-filterable-gallery\" data-id=\"ee23ce6\" data-element_type=\"widget\" data-settings=\"{&quot;columns&quot;:&quot;4&quot;,&quot;columns_tablet&quot;:&quot;2&quot;,&quot;columns_mobile&quot;:&quot;1&quot;,&quot;photo_gallery&quot;:&quot;yes&quot;,&quot;pagination&quot;:&quot;false&quot;}\" data-widget_type=\"eael-filterable-gallery.default\">\n\t\t\t\t<div class=\"elementor-widget-container\">\n\t\t\t        <div id=\"eael-filter-gallery-wrapper-ee23ce6\" class=\"eael-filter-gallery-wrapper\" data-layout-mode=\"hoverer\" data-mfp_caption=\"\">\n            \n                        <div class=\"eael-filter-gallery-control\">\n                <ul><li data-load-more-status=\"0\" data-first-init=\"0\" class=\"control active\" data-filter=\".eael-cf-photos\">Photos<\/li><li data-load-more-status=\"0\" data-first-init=\"0\" class=\"control \" data-filter=\".eael-cf-making-of\">Making of<\/li><\/ul>\n            <\/div>\n            \n            <div class=\"eael-filter-gallery-container masonry\" data-images-per-page=\"\" data-total-gallery-items=\"4\" data-nomore-item-text=\"\" data-settings=\"{&quot;grid_style&quot;:&quot;masonry&quot;,&quot;popup&quot;:&quot;media&quot;,&quot;duration&quot;:500,&quot;gallery_enabled&quot;:&quot;yes&quot;,&quot;post_id&quot;:239,&quot;widget_id&quot;:&quot;ee23ce6&quot;}\" data-gallery-items=\"[&quot;\\u003Cdiv class=\\u0022eael-filterable-gallery-item-wrap eael-cf-photos\\u0022\\u003E\\n\\t\\t\\t\\t\\u003Cdiv class=\\u0022eael-gallery-grid-item\\u0022\\u003E\\u003Ca href=\\u0022https:\\\/\\\/www.oca-ebenisterie.com\\\/wp-content\\\/uploads\\\/2020\\\/12\\\/HOOA_OE01_01.png\\u0022 class=\\u0022eael-magnific-link media-content-wrap active\\u0022 data-elementor-open-lightbox=\\u0022no\\u0022\\u003E\\u003Cdiv class=\\u0022gallery-item-thumbnail-wrap\\u0022\\u003E\\u003Cimg src=\\u0022https:\\\/\\\/www.oca-ebenisterie.com\\\/wp-content\\\/uploads\\\/2020\\\/12\\\/HOOA_OE01_01.png\\u0022 data-lazy-src=\\u0022https:\\\/\\\/www.oca-ebenisterie.com\\\/wp-content\\\/uploads\\\/2020\\\/12\\\/HOOA_OE01_01.png\\u0022 alt=\\u0022\\u0022 class=\\u0022gallery-item-thumbnail\\u0022\\u003E\\u003C\\\/div\\u003E\\u003Cdiv class=\\u0022gallery-item-caption-wrap caption-style-hoverer eael-none\\u0022\\u003E\\u003Cdiv class=\\u0022gallery-item-hoverer-bg\\u0022\\u003E\\u003C\\\/div\\u003E\\u003Cdiv class=\\u0022gallery-item-caption-over\\u0022\\u003E\\u003Ch3 class=\\u0022fg-item-title\\u0022\\u003ELampe Scie-ssion\\u003C\\\/h3\\u003E\\u003C\\\/div\\u003E\\u003C\\\/div\\u003E\\u003C\\\/a\\u003E\\u003C\\\/a\\u003E\\u003C\\\/a\\u003E\\u003C\\\/div\\u003E\\u003C\\\/div\\u003E&quot;,&quot;\\u003Cdiv class=\\u0022eael-filterable-gallery-item-wrap eael-cf-photos\\u0022\\u003E\\n\\t\\t\\t\\t\\u003Cdiv class=\\u0022eael-gallery-grid-item\\u0022\\u003E\\u003Ca href=\\u0022https:\\\/\\\/www.oca-ebenisterie.com\\\/wp-content\\\/uploads\\\/2020\\\/12\\\/HOOA_OE03_01.png\\u0022 class=\\u0022eael-magnific-link media-content-wrap active\\u0022 data-elementor-open-lightbox=\\u0022no\\u0022\\u003E\\u003Cdiv class=\\u0022gallery-item-thumbnail-wrap\\u0022\\u003E\\u003Cimg src=\\u0022https:\\\/\\\/www.oca-ebenisterie.com\\\/wp-content\\\/uploads\\\/2020\\\/12\\\/HOOA_OE03_01.png\\u0022 data-lazy-src=\\u0022https:\\\/\\\/www.oca-ebenisterie.com\\\/wp-content\\\/uploads\\\/2020\\\/12\\\/HOOA_OE03_01.png\\u0022 alt=\\u0022OCA Lampe\\u0022 class=\\u0022gallery-item-thumbnail\\u0022\\u003E\\u003C\\\/div\\u003E\\u003Cdiv class=\\u0022gallery-item-caption-wrap caption-style-hoverer eael-none\\u0022\\u003E\\u003Cdiv class=\\u0022gallery-item-hoverer-bg\\u0022\\u003E\\u003C\\\/div\\u003E\\u003Cdiv class=\\u0022gallery-item-caption-over\\u0022\\u003E\\u003Ch3 class=\\u0022fg-item-title\\u0022\\u003ELampe Scie-ssion\\u003C\\\/h3\\u003E\\u003C\\\/div\\u003E\\u003C\\\/div\\u003E\\u003C\\\/a\\u003E\\u003C\\\/a\\u003E\\u003C\\\/a\\u003E\\u003C\\\/div\\u003E\\u003C\\\/div\\u003E&quot;,&quot;\\u003Cdiv class=\\u0022eael-filterable-gallery-item-wrap eael-cf-photos\\u0022\\u003E\\n\\t\\t\\t\\t\\u003Cdiv class=\\u0022eael-gallery-grid-item\\u0022\\u003E\\u003Ca href=\\u0022https:\\\/\\\/www.oca-ebenisterie.com\\\/wp-content\\\/uploads\\\/2020\\\/12\\\/HOOA_OE04_01.png\\u0022 class=\\u0022eael-magnific-link media-content-wrap active\\u0022 data-elementor-open-lightbox=\\u0022no\\u0022\\u003E\\u003Cdiv class=\\u0022gallery-item-thumbnail-wrap\\u0022\\u003E\\u003Cimg src=\\u0022https:\\\/\\\/www.oca-ebenisterie.com\\\/wp-content\\\/uploads\\\/2020\\\/12\\\/HOOA_OE04_01.png\\u0022 data-lazy-src=\\u0022https:\\\/\\\/www.oca-ebenisterie.com\\\/wp-content\\\/uploads\\\/2020\\\/12\\\/HOOA_OE04_01.png\\u0022 alt=\\u0022\\u0022 class=\\u0022gallery-item-thumbnail\\u0022\\u003E\\u003C\\\/div\\u003E\\u003Cdiv class=\\u0022gallery-item-caption-wrap caption-style-hoverer eael-none\\u0022\\u003E\\u003Cdiv class=\\u0022gallery-item-hoverer-bg\\u0022\\u003E\\u003C\\\/div\\u003E\\u003Cdiv class=\\u0022gallery-item-caption-over\\u0022\\u003E\\u003Ch3 class=\\u0022fg-item-title\\u0022\\u003ELampe Scie-ssion\\u003C\\\/h3\\u003E\\u003C\\\/div\\u003E\\u003C\\\/div\\u003E\\u003C\\\/a\\u003E\\u003C\\\/a\\u003E\\u003C\\\/a\\u003E\\u003C\\\/div\\u003E\\u003C\\\/div\\u003E&quot;,&quot;\\u003Cdiv class=\\u0022eael-filterable-gallery-item-wrap eael-cf-photos\\u0022\\u003E\\n\\t\\t\\t\\t\\u003Cdiv class=\\u0022eael-gallery-grid-item\\u0022\\u003E\\u003Ca href=\\u0022https:\\\/\\\/www.oca-ebenisterie.com\\\/wp-content\\\/uploads\\\/2020\\\/12\\\/HOOA_OE05_01.png\\u0022 class=\\u0022eael-magnific-link media-content-wrap active\\u0022 data-elementor-open-lightbox=\\u0022no\\u0022\\u003E\\u003Cdiv class=\\u0022gallery-item-thumbnail-wrap\\u0022\\u003E\\u003Cimg src=\\u0022https:\\\/\\\/www.oca-ebenisterie.com\\\/wp-content\\\/uploads\\\/2020\\\/12\\\/HOOA_OE05_01.png\\u0022 data-lazy-src=\\u0022https:\\\/\\\/www.oca-ebenisterie.com\\\/wp-content\\\/uploads\\\/2020\\\/12\\\/HOOA_OE05_01.png\\u0022 alt=\\u0022\\u0022 class=\\u0022gallery-item-thumbnail\\u0022\\u003E\\u003C\\\/div\\u003E\\u003Cdiv class=\\u0022gallery-item-caption-wrap caption-style-hoverer eael-none\\u0022\\u003E\\u003Cdiv class=\\u0022gallery-item-hoverer-bg\\u0022\\u003E\\u003C\\\/div\\u003E\\u003Cdiv class=\\u0022gallery-item-caption-over\\u0022\\u003E\\u003Ch3 class=\\u0022fg-item-title\\u0022\\u003ELampe Scie-ssion\\u003C\\\/h3\\u003E\\u003C\\\/div\\u003E\\u003C\\\/div\\u003E\\u003C\\\/a\\u003E\\u003C\\\/a\\u003E\\u003C\\\/a\\u003E\\u003C\\\/div\\u003E\\u003C\\\/div\\u003E&quot;]\" data-init-show=\"10\">\n                <div class=\"eael-filterable-gallery-item-wrap eael-cf-photos\">\n\t\t\t\t<div class=\"eael-gallery-grid-item\"><a href=\"https:\/\/www.oca-ebenisterie.com\/wp-content\/uploads\/2020\/12\/HOOA_OE01_01.png\" class=\"eael-magnific-link media-content-wrap active\" data-elementor-open-lightbox=\"no\"><div class=\"gallery-item-thumbnail-wrap\"><img src=\"https:\/\/www.oca-ebenisterie.com\/wp-content\/uploads\/2020\/12\/HOOA_OE01_01.png\" data-lazy-src=\"https:\/\/www.oca-ebenisterie.com\/wp-content\/uploads\/2020\/12\/HOOA_OE01_01.png\" alt=\"\" class=\"gallery-item-thumbnail\"><\/div><div class=\"gallery-item-caption-wrap caption-style-hoverer eael-none\"><div class=\"gallery-item-hoverer-bg\"><\/div><div class=\"gallery-item-caption-over\"><h3 class=\"fg-item-title\">Lampe Scie-ssion<\/h3><\/div><\/div><\/a><\/a><\/a><\/div><\/div><div class=\"eael-filterable-gallery-item-wrap eael-cf-photos\">\n\t\t\t\t<div class=\"eael-gallery-grid-item\"><a href=\"https:\/\/www.oca-ebenisterie.com\/wp-content\/uploads\/2020\/12\/HOOA_OE03_01.png\" class=\"eael-magnific-link media-content-wrap active\" data-elementor-open-lightbox=\"no\"><div class=\"gallery-item-thumbnail-wrap\"><img src=\"https:\/\/www.oca-ebenisterie.com\/wp-content\/uploads\/2020\/12\/HOOA_OE03_01.png\" data-lazy-src=\"https:\/\/www.oca-ebenisterie.com\/wp-content\/uploads\/2020\/12\/HOOA_OE03_01.png\" alt=\"OCA Lampe\" class=\"gallery-item-thumbnail\"><\/div><div class=\"gallery-item-caption-wrap caption-style-hoverer eael-none\"><div class=\"gallery-item-hoverer-bg\"><\/div><div class=\"gallery-item-caption-over\"><h3 class=\"fg-item-title\">Lampe Scie-ssion<\/h3><\/div><\/div><\/a><\/a><\/a><\/div><\/div><div class=\"eael-filterable-gallery-item-wrap eael-cf-photos\">\n\t\t\t\t<div class=\"eael-gallery-grid-item\"><a href=\"https:\/\/www.oca-ebenisterie.com\/wp-content\/uploads\/2020\/12\/HOOA_OE04_01.png\" class=\"eael-magnific-link media-content-wrap active\" data-elementor-open-lightbox=\"no\"><div class=\"gallery-item-thumbnail-wrap\"><img src=\"https:\/\/www.oca-ebenisterie.com\/wp-content\/uploads\/2020\/12\/HOOA_OE04_01.png\" data-lazy-src=\"https:\/\/www.oca-ebenisterie.com\/wp-content\/uploads\/2020\/12\/HOOA_OE04_01.png\" alt=\"\" class=\"gallery-item-thumbnail\"><\/div><div class=\"gallery-item-caption-wrap caption-style-hoverer eael-none\"><div class=\"gallery-item-hoverer-bg\"><\/div><div class=\"gallery-item-caption-over\"><h3 class=\"fg-item-title\">Lampe Scie-ssion<\/h3><\/div><\/div><\/a><\/a><\/a><\/div><\/div><div class=\"eael-filterable-gallery-item-wrap eael-cf-photos\">\n\t\t\t\t<div class=\"eael-gallery-grid-item\"><a href=\"https:\/\/www.oca-ebenisterie.com\/wp-content\/uploads\/2020\/12\/HOOA_OE05_01.png\" class=\"eael-magnific-link media-content-wrap active\" data-elementor-open-lightbox=\"no\"><div class=\"gallery-item-thumbnail-wrap\"><img src=\"https:\/\/www.oca-ebenisterie.com\/wp-content\/uploads\/2020\/12\/HOOA_OE05_01.png\" data-lazy-src=\"https:\/\/www.oca-ebenisterie.com\/wp-content\/uploads\/2020\/12\/HOOA_OE05_01.png\" alt=\"\" class=\"gallery-item-thumbnail\"><\/div><div class=\"gallery-item-caption-wrap caption-style-hoverer eael-none\"><div class=\"gallery-item-hoverer-bg\"><\/div><div class=\"gallery-item-caption-over\"><h3 class=\"fg-item-title\">Lampe Scie-ssion<\/h3><\/div><\/div><\/a><\/a><\/a><\/div><\/div>            <\/div>\n            \n                    <\/div>\n        \n        \t\t<\/div>\n\t\t\t\t<\/div>\n\t\t\t\t\t\t<\/div>\n\t\t\t\t\t<\/div>\n\t\t<\/div>\n\t\t\t\t\t\t\t\t<\/div>\n\t\t\t\t\t<\/div>\n\t\t<\/section>\n\t\t\t\t<section class=\"elementor-section elementor-top-section elementor-element elementor-element-061090c elementor-section-boxed elementor-section-height-default elementor-section-height-default\" data-id=\"061090c\" data-element_type=\"section\">\n\t\t\t\t\t\t<div class=\"elementor-container elementor-column-gap-default\">\n\t\t\t\t\t\t\t<div class=\"elementor-row\">\n\t\t\t\t\t<div class=\"elementor-column elementor-col-100 elementor-top-column elementor-element elementor-element-1c5fdbd\" data-id=\"1c5fdbd\" data-element_type=\"column\">\n\t\t\t<div class=\"elementor-column-wrap elementor-element-populated\">\n\t\t\t\t\t\t\t<div class=\"elementor-widget-wrap\">\n\t\t\t\t\t\t<div class=\"elementor-element elementor-element-5fd9668 elementor-widget elementor-widget-spacer\" data-id=\"5fd9668\" data-element_type=\"widget\" data-widget_type=\"spacer.default\">\n\t\t\t\t<div class=\"elementor-widget-container\">\n\t\t\t\t\t<div class=\"elementor-spacer\">\n\t\t\t<div class=\"elementor-spacer-inner\"><\/div>\n\t\t<\/div>\n\t\t\t\t<\/div>\n\t\t\t\t<\/div>\n\t\t\t\t\t\t<\/div>\n\t\t\t\t\t<\/div>\n\t\t<\/div>\n\t\t\t\t\t\t\t\t<\/div>\n\t\t\t\t\t<\/div>\n\t\t<\/section>\n\t\t\t\t<section class=\"elementor-section elementor-top-section elementor-element elementor-element-14cb05d elementor-section-boxed elementor-section-height-default elementor-section-height-default\" data-id=\"14cb05d\" data-element_type=\"section\">\n\t\t\t\t\t\t<div class=\"elementor-container elementor-column-gap-default\">\n\t\t\t\t\t\t\t<div class=\"elementor-row\">\n\t\t\t\t\t<div class=\"elementor-column elementor-col-16 elementor-top-column elementor-element elementor-element-aa7bbc4\" data-id=\"aa7bbc4\" data-element_type=\"column\">\n\t\t\t<div class=\"elementor-column-wrap\">\n\t\t\t\t\t\t\t<div class=\"elementor-widget-wrap\">\n\t\t\t\t\t\t\t\t<\/div>\n\t\t\t\t\t<\/div>\n\t\t<\/div>\n\t\t\t\t<div class=\"elementor-column elementor-col-66 elementor-top-column elementor-element elementor-element-4ca2b3e\" data-id=\"4ca2b3e\" data-element_type=\"column\">\n\t\t\t<div class=\"elementor-column-wrap elementor-element-populated\">\n\t\t\t\t\t\t\t<div class=\"elementor-widget-wrap\">\n\t\t\t\t\t\t<div class=\"elementor-element elementor-element-30c119a elementor-widget elementor-widget-heading\" data-id=\"30c119a\" data-element_type=\"widget\" data-widget_type=\"heading.default\">\n\t\t\t\t<div class=\"elementor-widget-container\">\n\t\t\t<h2 class=\"elementor-heading-title elementor-size-default\">Lampe Scie-ssion<\/h2>\t\t<\/div>\n\t\t\t\t<\/div>\n\t\t\t\t<div class=\"elementor-element elementor-element-dea7670 elementor-widget elementor-widget-text-editor\" data-id=\"dea7670\" data-element_type=\"widget\" data-widget_type=\"text-editor.default\">\n\t\t\t\t<div class=\"elementor-widget-container\">\n\t\t\t\t\t\t\t\t<div class=\"elementor-text-editor elementor-clearfix\">\n\t\t\t\t<p>Lampe Scie-ssion<\/p><p>Lampe de chevet ou de salon, la scie-ssion est fabriqu\u00e9e avec du ch\u00eane et du bois teint\u00e9 noir. Le chapeau en ch\u00eane translate pour d\u00e9couvrir la lumi\u00e8re, permettant de r\u00e9gler l\u2019intensit\u00e9. Dimensions\u00a0: 20 x 7 x 7 cm (H x L x P).<\/p>\t\t\t\t\t<\/div>\n\t\t\t\t\t\t<\/div>\n\t\t\t\t<\/div>\n\t\t\t\t\t\t<\/div>\n\t\t\t\t\t<\/div>\n\t\t<\/div>\n\t\t\t\t<div class=\"elementor-column elementor-col-16 elementor-top-column elementor-element elementor-element-df78287\" data-id=\"df78287\" data-element_type=\"column\">\n\t\t\t<div class=\"elementor-column-wrap\">\n\t\t\t\t\t\t\t<div class=\"elementor-widget-wrap\">\n\t\t\t\t\t\t\t\t<\/div>\n\t\t\t\t\t<\/div>\n\t\t<\/div>\n\t\t\t\t\t\t\t\t<\/div>\n\t\t\t\t\t<\/div>\n\t\t<\/section>\n\t\t\t\t<section class=\"elementor-section elementor-top-section elementor-element elementor-element-42e1fe50 elementor-section-boxed elementor-section-height-default elementor-section-height-default\" data-id=\"42e1fe50\" data-element_type=\"section\">\n\t\t\t\t\t\t<div class=\"elementor-container elementor-column-gap-default\">\n\t\t\t\t\t\t\t<div class=\"elementor-row\">\n\t\t\t\t\t<div class=\"elementor-column elementor-col-50 elementor-top-column elementor-element elementor-element-675d3809\" data-id=\"675d3809\" data-element_type=\"column\">\n\t\t\t<div class=\"elementor-column-wrap elementor-element-populated\">\n\t\t\t\t\t\t\t<div class=\"elementor-widget-wrap\">\n\t\t\t\t\t\t<div class=\"elementor-element elementor-element-410a78b5 elementor-align-right elementor-widget elementor-widget-button\" data-id=\"410a78b5\" data-element_type=\"widget\" data-widget_type=\"button.default\">\n\t\t\t\t<div class=\"elementor-widget-container\">\n\t\t\t\t\t<div class=\"elementor-button-wrapper\">\n\t\t\t<a href=\"https:\/\/www.oca-ebenisterie.com\/index.php\/banquette-dangle\/\" class=\"elementor-button-link elementor-button elementor-size-sm\" role=\"button\">\n\t\t\t\t\t\t<span class=\"elementor-button-content-wrapper\">\n\t\t\t\t\t\t\t<span class=\"elementor-button-icon elementor-align-icon-left\">\n\t\t\t\t<i aria-hidden=\"true\" class=\"fas fa-chevron-left\"><\/i>\t\t\t<\/span>\n\t\t\t\t\t\t<span class=\"elementor-button-text\">Banquette d'angle<\/span>\n\t\t<\/span>\n\t\t\t\t\t<\/a>\n\t\t<\/div>\n\t\t\t\t<\/div>\n\t\t\t\t<\/div>\n\t\t\t\t\t\t<\/div>\n\t\t\t\t\t<\/div>\n\t\t<\/div>\n\t\t\t\t<div class=\"elementor-column elementor-col-50 elementor-top-column elementor-element elementor-element-28275d4b\" data-id=\"28275d4b\" data-element_type=\"column\">\n\t\t\t<div class=\"elementor-column-wrap elementor-element-populated\">\n\t\t\t\t\t\t\t<div class=\"elementor-widget-wrap\">\n\t\t\t\t\t\t<div class=\"elementor-element elementor-element-5e6420ba elementor-align-left elementor-widget elementor-widget-button\" data-id=\"5e6420ba\" data-element_type=\"widget\" data-widget_type=\"button.default\">\n\t\t\t\t<div class=\"elementor-widget-container\">\n\t\t\t\t\t<div class=\"elementor-button-wrapper\">\n\t\t\t<a href=\"https:\/\/www.oca-ebenisterie.com\/index.php\/oe02\/\" class=\"elementor-button-link elementor-button elementor-size-sm\" role=\"button\">\n\t\t\t\t\t\t<span class=\"elementor-button-content-wrapper\">\n\t\t\t\t\t\t\t<span class=\"elementor-button-icon elementor-align-icon-right\">\n\t\t\t\t<i aria-hidden=\"true\" class=\"fas fa-chevron-right\"><\/i>\t\t\t<\/span>\n\t\t\t\t\t\t<span class=\"elementor-button-text\">Gunter<\/span>\n\t\t<\/span>\n\t\t\t\t\t<\/a>\n\t\t<\/div>\n\t\t\t\t<\/div>\n\t\t\t\t<\/div>\n\t\t\t\t\t\t<\/div>\n\t\t\t\t\t<\/div>\n\t\t<\/div>\n\t\t\t\t\t\t\t\t<\/div>\n\t\t\t\t\t<\/div>\n\t\t<\/section>\n\t\t\t\t\t\t\t\t\t<\/div>\n\t\t\t<\/div>\n\t\t\t\t\t<\/div>\n\t\t","protected":false},"excerpt":{"rendered":"<p>Lampe Scie-ssion Photos Making of Lampe Scie-ssion Lampe Scie-ssion Lampe de chevet ou de salon, la scie-ssion est fabriqu\u00e9e avec du ch\u00eane et du bois teint\u00e9 noir. Le chapeau en ch\u00eane translate pour d\u00e9couvrir la lumi\u00e8re, permettant de r\u00e9gler l\u2019intensit\u00e9. Dimensions\u00a0: 20 x 7 x 7 cm (H x L x P). Banquette d&rsquo;angle Gunter<\/p>\n","protected":false},"author":1,"featured_media":0,"parent":0,"menu_order":0,"comment_status":"closed","ping_status":"closed","template":"","meta":[],"yoast_head":"<!-- This site is optimized with the Yoast SEO plugin v19.6.1 - https:\/\/yoast.com\/wordpress\/plugins\/seo\/ -->\n<title>Lampe Scie-ssion - OCA \u00e9b\u00e9nisterie<\/title>\n<meta name=\"robots\" content=\"index, follow, max-snippet:-1, max-image-preview:large, max-video-preview:-1\" \/>\n<link rel=\"canonical\" href=\"https:\/\/www.oca-ebenisterie.com\/index.php\/oe01\/\" \/>\n<meta property=\"og:locale\" content=\"fr_FR\" \/>\n<meta property=\"og:type\" content=\"article\" \/>\n<meta property=\"og:title\" content=\"Lampe Scie-ssion - OCA \u00e9b\u00e9nisterie\" \/>\n<meta property=\"og:description\" content=\"Lampe Scie-ssion Photos Making of Lampe Scie-ssion Lampe Scie-ssion Lampe de chevet ou de salon, la scie-ssion est fabriqu\u00e9e avec du ch\u00eane et du bois teint\u00e9 noir. Le chapeau en ch\u00eane translate pour d\u00e9couvrir la lumi\u00e8re, permettant de r\u00e9gler l\u2019intensit\u00e9. Dimensions\u00a0: 20 x 7 x 7 cm (H x L x P). Banquette d&rsquo;angle Gunter\" \/>\n<meta property=\"og:url\" content=\"https:\/\/www.oca-ebenisterie.com\/index.php\/oe01\/\" \/>\n<meta property=\"og:site_name\" content=\"OCA \u00e9b\u00e9nisterie\" \/>\n<meta property=\"article:modified_time\" content=\"2021-06-10T12:58:07+00:00\" \/>\n<meta property=\"og:image\" content=\"https:\/\/www.oca-ebenisterie.com\/wp-content\/uploads\/2020\/12\/Fleche.png\" \/>\n<meta name=\"twitter:card\" content=\"summary_large_image\" \/>\n<meta name=\"twitter:label1\" content=\"Dur\u00e9e de lecture estim\u00e9e\" \/>\n\t<meta name=\"twitter:data1\" content=\"4 minutes\" \/>\n<script type=\"application\/ld+json\" class=\"yoast-schema-graph\">{\"@context\":\"https:\/\/schema.org\",\"@graph\":[{\"@type\":\"WebPage\",\"@id\":\"https:\/\/www.oca-ebenisterie.com\/index.php\/oe01\/\",\"url\":\"https:\/\/www.oca-ebenisterie.com\/index.php\/oe01\/\",\"name\":\"Lampe Scie-ssion - OCA \u00e9b\u00e9nisterie\",\"isPartOf\":{\"@id\":\"https:\/\/www.oca-ebenisterie.com\/#website\"},\"datePublished\":\"2020-12-02T10:41:08+00:00\",\"dateModified\":\"2021-06-10T12:58:07+00:00\",\"breadcrumb\":{\"@id\":\"https:\/\/www.oca-ebenisterie.com\/index.php\/oe01\/#breadcrumb\"},\"inLanguage\":\"fr-FR\",\"potentialAction\":[{\"@type\":\"ReadAction\",\"target\":[\"https:\/\/www.oca-ebenisterie.com\/index.php\/oe01\/\"]}]},{\"@type\":\"BreadcrumbList\",\"@id\":\"https:\/\/www.oca-ebenisterie.com\/index.php\/oe01\/#breadcrumb\",\"itemListElement\":[{\"@type\":\"ListItem\",\"position\":1,\"name\":\"Accueil\",\"item\":\"https:\/\/www.oca-ebenisterie.com\/\"},{\"@type\":\"ListItem\",\"position\":2,\"name\":\"Lampe Scie-ssion\"}]},{\"@type\":\"WebSite\",\"@id\":\"https:\/\/www.oca-ebenisterie.com\/#website\",\"url\":\"https:\/\/www.oca-ebenisterie.com\/\",\"name\":\"OCA \u00e9b\u00e9nisterie\",\"description\":\"OCA \u00e9b\u00e9nisterie\",\"potentialAction\":[{\"@type\":\"SearchAction\",\"target\":{\"@type\":\"EntryPoint\",\"urlTemplate\":\"https:\/\/www.oca-ebenisterie.com\/?s={search_term_string}\"},\"query-input\":\"required name=search_term_string\"}],\"inLanguage\":\"fr-FR\"}]}<\/script>\n<!-- \/ Yoast SEO plugin. -->","yoast_head_json":{"title":"Lampe Scie-ssion - OCA \u00e9b\u00e9nisterie","robots":{"index":"index","follow":"follow","max-snippet":"max-snippet:-1","max-image-preview":"max-image-preview:large","max-video-preview":"max-video-preview:-1"},"canonical":"https:\/\/www.oca-ebenisterie.com\/index.php\/oe01\/","og_locale":"fr_FR","og_type":"article","og_title":"Lampe Scie-ssion - OCA \u00e9b\u00e9nisterie","og_description":"Lampe Scie-ssion Photos Making of Lampe Scie-ssion Lampe Scie-ssion Lampe de chevet ou de salon, la scie-ssion est fabriqu\u00e9e avec du ch\u00eane et du bois teint\u00e9 noir. Le chapeau en ch\u00eane translate pour d\u00e9couvrir la lumi\u00e8re, permettant de r\u00e9gler l\u2019intensit\u00e9. Dimensions\u00a0: 20 x 7 x 7 cm (H x L x P). Banquette d&rsquo;angle Gunter","og_url":"https:\/\/www.oca-ebenisterie.com\/index.php\/oe01\/","og_site_name":"OCA \u00e9b\u00e9nisterie","article_modified_time":"2021-06-10T12:58:07+00:00","og_image":[{"url":"https:\/\/www.oca-ebenisterie.com\/wp-content\/uploads\/2020\/12\/Fleche.png"}],"twitter_card":"summary_large_image","twitter_misc":{"Dur\u00e9e de lecture estim\u00e9e":"4 minutes"},"schema":{"@context":"https:\/\/schema.org","@graph":[{"@type":"WebPage","@id":"https:\/\/www.oca-ebenisterie.com\/index.php\/oe01\/","url":"https:\/\/www.oca-ebenisterie.com\/index.php\/oe01\/","name":"Lampe Scie-ssion - OCA \u00e9b\u00e9nisterie","isPartOf":{"@id":"https:\/\/www.oca-ebenisterie.com\/#website"},"datePublished":"2020-12-02T10:41:08+00:00","dateModified":"2021-06-10T12:58:07+00:00","breadcrumb":{"@id":"https:\/\/www.oca-ebenisterie.com\/index.php\/oe01\/#breadcrumb"},"inLanguage":"fr-FR","potentialAction":[{"@type":"ReadAction","target":["https:\/\/www.oca-ebenisterie.com\/index.php\/oe01\/"]}]},{"@type":"BreadcrumbList","@id":"https:\/\/www.oca-ebenisterie.com\/index.php\/oe01\/#breadcrumb","itemListElement":[{"@type":"ListItem","position":1,"name":"Accueil","item":"https:\/\/www.oca-ebenisterie.com\/"},{"@type":"ListItem","position":2,"name":"Lampe Scie-ssion"}]},{"@type":"WebSite","@id":"https:\/\/www.oca-ebenisterie.com\/#website","url":"https:\/\/www.oca-ebenisterie.com\/","name":"OCA \u00e9b\u00e9nisterie","description":"OCA \u00e9b\u00e9nisterie","potentialAction":[{"@type":"SearchAction","target":{"@type":"EntryPoint","urlTemplate":"https:\/\/www.oca-ebenisterie.com\/?s={search_term_string}"},"query-input":"required name=search_term_string"}],"inLanguage":"fr-FR"}]}},"_links":{"self":[{"href":"https:\/\/www.oca-ebenisterie.com\/index.php\/wp-json\/wp\/v2\/pages\/239"}],"collection":[{"href":"https:\/\/www.oca-ebenisterie.com\/index.php\/wp-json\/wp\/v2\/pages"}],"about":[{"href":"https:\/\/www.oca-ebenisterie.com\/index.php\/wp-json\/wp\/v2\/types\/page"}],"author":[{"embeddable":true,"href":"https:\/\/www.oca-ebenisterie.com\/index.php\/wp-json\/wp\/v2\/users\/1"}],"replies":[{"embeddable":true,"href":"https:\/\/www.oca-ebenisterie.com\/index.php\/wp-json\/wp\/v2\/comments?post=239"}],"version-history":[{"count":41,"href":"https:\/\/www.oca-ebenisterie.com\/index.php\/wp-json\/wp\/v2\/pages\/239\/revisions"}],"predecessor-version":[{"id":1127,"href":"https:\/\/www.oca-ebenisterie.com\/index.php\/wp-json\/wp\/v2\/pages\/239\/revisions\/1127"}],"wp:attachment":[{"href":"https:\/\/www.oca-ebenisterie.com\/index.php\/wp-json\/wp\/v2\/media?parent=239"}],"curies":[{"name":"wp","href":"https:\/\/api.w.org\/{rel}","templated":true}]}}